{"id":94,"date":"2025-06-23T08:10:44","date_gmt":"2025-06-23T08:10:44","guid":{"rendered":"https:\/\/practical-wu.5-75-180-140.plesk.page\/?post_type=product&#038;p=94"},"modified":"2026-01-10T16:05:08","modified_gmt":"2026-01-10T16:05:08","slug":"chubasquero-azul-marino","status":"publish","type":"product","link":"https:\/\/tienda.raecy.com\/index.php\/producto\/chubasquero-azul-marino\/","title":{"rendered":"CHUBASQUERO AZUL MARINO"},"content":{"rendered":"<p>Apertura con cremallera. Capucha con cord\u00f3n plegado en el cuello. 2 bolsillos exteriores con cremallera.<\/p>\n<p>Sistema de plegado \u00aben bolsa\u00bb con lazos el\u00e1sticos en la cintura. Pu\u00f1os el\u00e1sticos. Ojales de ventilaci\u00f3n.<\/p>\n<p>Cuenta con el logo de RAECY en el pecho.<\/p>\n","protected":false},"excerpt":{"rendered":"<p>Apertura con cremallera. Capucha con cord\u00f3n plegado en el cuello. 2 bolsillos exteriores con cremallera. Sistema de plegado \u00aben bolsa\u00bb con lazos el\u00e1sticos en la cintura. Pu\u00f1os el\u00e1sticos. Ojales de ventilaci\u00f3n. Cuenta con el logo de RAECY en el pecho.<\/p>\n","protected":false},"featured_media":146,"comment_status":"open","ping_status":"closed","template":"","meta":{"_kad_post_transparent":"default","_kad_post_title":"","_kad_post_layout":"default","_kad_post_sidebar_id":"","_kad_post_content_style":"default","_kad_post_vertical_padding":"default","_kad_post_feature":"","_kad_post_feature_position":"","_kad_post_header":false,"_kad_post_footer":false,"_kad_post_classname":""},"product_brand":[],"product_cat":[23],"product_tag":[],"class_list":{"0":"post-94","1":"product","2":"type-product","3":"status-publish","4":"has-post-thumbnail","6":"product_cat-textil","8":"first","9":"instock","10":"taxable","11":"shipping-taxable","12":"purchasable","13":"product-type-variable","14":"entry","15":"content-bg","16":"loop-entry"},"_links":{"self":[{"href":"https:\/\/tienda.raecy.com\/index.php\/wp-json\/wp\/v2\/product\/94","targetHints":{"allow":["GET"]}}],"collection":[{"href":"https:\/\/tienda.raecy.com\/index.php\/wp-json\/wp\/v2\/product"}],"about":[{"href":"https:\/\/tienda.raecy.com\/index.php\/wp-json\/wp\/v2\/types\/product"}],"replies":[{"embeddable":true,"href":"https:\/\/tienda.raecy.com\/index.php\/wp-json\/wp\/v2\/comments?post=94"}],"wp:featuredmedia":[{"embeddable":true,"href":"https:\/\/tienda.raecy.com\/index.php\/wp-json\/wp\/v2\/media\/146"}],"wp:attachment":[{"href":"https:\/\/tienda.raecy.com\/index.php\/wp-json\/wp\/v2\/media?parent=94"}],"wp:term":[{"taxonomy":"product_brand","embeddable":true,"href":"https:\/\/tienda.raecy.com\/index.php\/wp-json\/wp\/v2\/product_brand?post=94"},{"taxonomy":"product_cat","embeddable":true,"href":"https:\/\/tienda.raecy.com\/index.php\/wp-json\/wp\/v2\/product_cat?post=94"},{"taxonomy":"product_tag","embeddable":true,"href":"https:\/\/tienda.raecy.com\/index.php\/wp-json\/wp\/v2\/product_tag?post=94"}],"curies":[{"name":"wp","href":"https:\/\/api.w.org\/{rel}","templated":true}]}}