{"id":164,"date":"2025-06-23T08:55:47","date_gmt":"2025-06-23T08:55:47","guid":{"rendered":"https:\/\/practical-wu.5-75-180-140.plesk.page\/?post_type=product&#038;p=164"},"modified":"2026-01-10T16:05:06","modified_gmt":"2026-01-10T16:05:06","slug":"juego-de-vasos-6-ud","status":"publish","type":"product","link":"https:\/\/tienda.raecy.com\/index.php\/producto\/juego-de-vasos-6-ud\/","title":{"rendered":"JUEGO DE VASOS (6 UD)"},"content":{"rendered":"<p>Set de 6 vasos bajos del modelo Whiskey Set de seis vasos bajos de 31 cl de vidrio transparente<\/p>\n<p>Vasos bajos de vidrio 100% higi\u00e9nicos, reciclables y ecol\u00f3gicos. Vasos de estilo tradicional de whisky o licor.<\/p>\n<p>Cuenta con el logo de RAECY grabado a l\u00e1ser.<\/p>\n","protected":false},"excerpt":{"rendered":"<p>Set de 6 vasos bajos del modelo Whiskey Set de seis vasos bajos de 31 cl de vidrio transparente Vasos bajos de vidrio 100% higi\u00e9nicos, reciclables y ecol\u00f3gicos. Vasos de estilo tradicional de whisky o licor. Cuenta con el logo de RAECY grabado a l\u00e1ser.<\/p>\n","protected":false},"featured_media":168,"comment_status":"open","ping_status":"closed","template":"","meta":{"_kad_post_transparent":"default","_kad_post_title":"","_kad_post_layout":"default","_kad_post_sidebar_id":"","_kad_post_content_style":"default","_kad_post_vertical_padding":"default","_kad_post_feature":"","_kad_post_feature_position":"","_kad_post_header":false,"_kad_post_footer":false,"_kad_post_classname":""},"product_brand":[],"product_cat":[24],"product_tag":[],"class_list":{"0":"post-164","1":"product","2":"type-product","3":"status-publish","4":"has-post-thumbnail","6":"product_cat-complementos","8":"first","9":"instock","10":"taxable","11":"shipping-taxable","12":"purchasable","13":"product-type-simple","14":"entry","15":"content-bg","16":"loop-entry"},"_links":{"self":[{"href":"https:\/\/tienda.raecy.com\/index.php\/wp-json\/wp\/v2\/product\/164","targetHints":{"allow":["GET"]}}],"collection":[{"href":"https:\/\/tienda.raecy.com\/index.php\/wp-json\/wp\/v2\/product"}],"about":[{"href":"https:\/\/tienda.raecy.com\/index.php\/wp-json\/wp\/v2\/types\/product"}],"replies":[{"embeddable":true,"href":"https:\/\/tienda.raecy.com\/index.php\/wp-json\/wp\/v2\/comments?post=164"}],"wp:featuredmedia":[{"embeddable":true,"href":"https:\/\/tienda.raecy.com\/index.php\/wp-json\/wp\/v2\/media\/168"}],"wp:attachment":[{"href":"https:\/\/tienda.raecy.com\/index.php\/wp-json\/wp\/v2\/media?parent=164"}],"wp:term":[{"taxonomy":"product_brand","embeddable":true,"href":"https:\/\/tienda.raecy.com\/index.php\/wp-json\/wp\/v2\/product_brand?post=164"},{"taxonomy":"product_cat","embeddable":true,"href":"https:\/\/tienda.raecy.com\/index.php\/wp-json\/wp\/v2\/product_cat?post=164"},{"taxonomy":"product_tag","embeddable":true,"href":"https:\/\/tienda.raecy.com\/index.php\/wp-json\/wp\/v2\/product_tag?post=164"}],"curies":[{"name":"wp","href":"https:\/\/api.w.org\/{rel}","templated":true}]}}