{"id":122,"date":"2025-06-23T08:20:34","date_gmt":"2025-06-23T08:20:34","guid":{"rendered":"https:\/\/practical-wu.5-75-180-140.plesk.page\/?post_type=product&#038;p=122"},"modified":"2026-01-10T16:05:08","modified_gmt":"2026-01-10T16:05:08","slug":"camisa-oxford-mujer","status":"publish","type":"product","link":"https:\/\/tienda.raecy.com\/index.php\/producto\/camisa-oxford-mujer\/","title":{"rendered":"CAMISA OXFORD MUJER"},"content":{"rendered":"<p>Prenda cl\u00e1sica de vestuario corporativo muy c\u00f3moda de llevar y de f\u00e1cil cuidado.<br \/>\nEl tejido Oxford (mezcla de 2 hilos) hace que sea muy agradable y resistente.<\/p>\n<p>Bordado con el logo de RAECY en el pecho<\/p>\n<p>Corte ajustado. Mangas largas. Cuello cl\u00e1sico. Pu\u00f1os redondeados ajustables. Tapeta de 7 botones tono sobre tono. Pinzas en el pecho.<\/p>\n<p>70% algod\u00f3n &#8211; 30% poli\u00e9ster<\/p>\n","protected":false},"excerpt":{"rendered":"<p>Prenda cl\u00e1sica de vestuario corporativo muy c\u00f3moda de llevar y de f\u00e1cil cuidado. El tejido Oxford (mezcla de 2 hilos) hace que sea muy agradable y resistente. Bordado con el logo de RAECY en el pecho Corte ajustado. Mangas largas. Cuello cl\u00e1sico. Pu\u00f1os redondeados ajustables. Tapeta de 7 botones tono sobre tono. Pinzas en el&#8230;<\/p>\n","protected":false},"featured_media":141,"comment_status":"open","ping_status":"closed","template":"","meta":{"_kad_post_transparent":"default","_kad_post_title":"","_kad_post_layout":"default","_kad_post_sidebar_id":"","_kad_post_content_style":"default","_kad_post_vertical_padding":"default","_kad_post_feature":"","_kad_post_feature_position":"","_kad_post_header":false,"_kad_post_footer":false,"_kad_post_classname":""},"product_brand":[],"product_cat":[23],"product_tag":[],"class_list":{"0":"post-122","1":"product","2":"type-product","3":"status-publish","4":"has-post-thumbnail","6":"product_cat-textil","8":"first","9":"instock","10":"taxable","11":"shipping-taxable","12":"purchasable","13":"product-type-variable","14":"entry","15":"content-bg","16":"loop-entry"},"_links":{"self":[{"href":"https:\/\/tienda.raecy.com\/index.php\/wp-json\/wp\/v2\/product\/122","targetHints":{"allow":["GET"]}}],"collection":[{"href":"https:\/\/tienda.raecy.com\/index.php\/wp-json\/wp\/v2\/product"}],"about":[{"href":"https:\/\/tienda.raecy.com\/index.php\/wp-json\/wp\/v2\/types\/product"}],"replies":[{"embeddable":true,"href":"https:\/\/tienda.raecy.com\/index.php\/wp-json\/wp\/v2\/comments?post=122"}],"wp:featuredmedia":[{"embeddable":true,"href":"https:\/\/tienda.raecy.com\/index.php\/wp-json\/wp\/v2\/media\/141"}],"wp:attachment":[{"href":"https:\/\/tienda.raecy.com\/index.php\/wp-json\/wp\/v2\/media?parent=122"}],"wp:term":[{"taxonomy":"product_brand","embeddable":true,"href":"https:\/\/tienda.raecy.com\/index.php\/wp-json\/wp\/v2\/product_brand?post=122"},{"taxonomy":"product_cat","embeddable":true,"href":"https:\/\/tienda.raecy.com\/index.php\/wp-json\/wp\/v2\/product_cat?post=122"},{"taxonomy":"product_tag","embeddable":true,"href":"https:\/\/tienda.raecy.com\/index.php\/wp-json\/wp\/v2\/product_tag?post=122"}],"curies":[{"name":"wp","href":"https:\/\/api.w.org\/{rel}","templated":true}]}}