{"id":105,"date":"2025-06-23T08:13:02","date_gmt":"2025-06-23T08:13:02","guid":{"rendered":"https:\/\/practical-wu.5-75-180-140.plesk.page\/?post_type=product&#038;p=105"},"modified":"2026-01-10T16:05:04","modified_gmt":"2026-01-10T16:05:04","slug":"bidon-termico","status":"publish","type":"product","link":"https:\/\/tienda.raecy.com\/index.php\/producto\/bidon-termico\/","title":{"rendered":"BID\u00d3N T\u00c9RMICO"},"content":{"rendered":"<p>Bid\u00f3n t\u00e9rmico de acero inox, con doble capa y aislamiento de cobre al vac\u00edo. El mismo le permite mantener el calor y el frio durante un tiempo m\u00e1s prolongado, llegando a las 12 y 48 horas respectivamente. De 650ml de capacidad, y disponible en variada gama de colores metalizados.<\/p>\n<p>Cuenta con el logo y el texto de RAECY en la parte frontal.<\/p>\n","protected":false},"excerpt":{"rendered":"<p>Bid\u00f3n t\u00e9rmico de acero inox, con doble capa y aislamiento de cobre al vac\u00edo. El mismo le permite mantener el calor y el frio durante un tiempo m\u00e1s prolongado, llegando a las 12 y 48 horas respectivamente. De 650ml de capacidad, y disponible en variada gama de colores metalizados. Cuenta con el logo y el&#8230;<\/p>\n","protected":false},"featured_media":167,"comment_status":"open","ping_status":"closed","template":"","meta":{"_kad_post_transparent":"default","_kad_post_title":"","_kad_post_layout":"default","_kad_post_sidebar_id":"","_kad_post_content_style":"default","_kad_post_vertical_padding":"default","_kad_post_feature":"","_kad_post_feature_position":"","_kad_post_header":false,"_kad_post_footer":false,"_kad_post_classname":""},"product_brand":[],"product_cat":[24],"product_tag":[],"class_list":{"0":"post-105","1":"product","2":"type-product","3":"status-publish","4":"has-post-thumbnail","6":"product_cat-complementos","8":"first","9":"instock","10":"taxable","11":"shipping-taxable","12":"purchasable","13":"product-type-simple","14":"entry","15":"content-bg","16":"loop-entry"},"_links":{"self":[{"href":"https:\/\/tienda.raecy.com\/index.php\/wp-json\/wp\/v2\/product\/105","targetHints":{"allow":["GET"]}}],"collection":[{"href":"https:\/\/tienda.raecy.com\/index.php\/wp-json\/wp\/v2\/product"}],"about":[{"href":"https:\/\/tienda.raecy.com\/index.php\/wp-json\/wp\/v2\/types\/product"}],"replies":[{"embeddable":true,"href":"https:\/\/tienda.raecy.com\/index.php\/wp-json\/wp\/v2\/comments?post=105"}],"wp:featuredmedia":[{"embeddable":true,"href":"https:\/\/tienda.raecy.com\/index.php\/wp-json\/wp\/v2\/media\/167"}],"wp:attachment":[{"href":"https:\/\/tienda.raecy.com\/index.php\/wp-json\/wp\/v2\/media?parent=105"}],"wp:term":[{"taxonomy":"product_brand","embeddable":true,"href":"https:\/\/tienda.raecy.com\/index.php\/wp-json\/wp\/v2\/product_brand?post=105"},{"taxonomy":"product_cat","embeddable":true,"href":"https:\/\/tienda.raecy.com\/index.php\/wp-json\/wp\/v2\/product_cat?post=105"},{"taxonomy":"product_tag","embeddable":true,"href":"https:\/\/tienda.raecy.com\/index.php\/wp-json\/wp\/v2\/product_tag?post=105"}],"curies":[{"name":"wp","href":"https:\/\/api.w.org\/{rel}","templated":true}]}}