{"id":104,"date":"2025-06-23T08:12:37","date_gmt":"2025-06-23T08:12:37","guid":{"rendered":"https:\/\/practical-wu.5-75-180-140.plesk.page\/?post_type=product&#038;p=104"},"modified":"2026-01-10T16:05:06","modified_gmt":"2026-01-10T16:05:06","slug":"gorro-de-invierno","status":"publish","type":"product","link":"https:\/\/tienda.raecy.com\/index.php\/producto\/gorro-de-invierno\/","title":{"rendered":"GORRO DE INVIERNO"},"content":{"rendered":"<p>Gorro de invierno reversible de nailon reciclado con forro interior de polar reciclado.<\/p>\n<p>Bordado con el logo de RAECY en el centro<\/p>\n<p>Forro c\u00e1lido y tratamiento eco resistente al agua para d\u00edas fr\u00edos y lluviosos.<\/p>\n<p>Gramaje: 120 g\/m2<\/p>\n<p>Talla \u00fanica<\/p>\n","protected":false},"excerpt":{"rendered":"<p>Gorro de invierno reversible de nailon reciclado con forro interior de polar reciclado. Bordado con el logo de RAECY en el centro Forro c\u00e1lido y tratamiento eco resistente al agua para d\u00edas fr\u00edos y lluviosos. Gramaje: 120 g\/m2 Talla \u00fanica<\/p>\n","protected":false},"featured_media":149,"comment_status":"open","ping_status":"closed","template":"","meta":{"_kad_post_transparent":"default","_kad_post_title":"","_kad_post_layout":"default","_kad_post_sidebar_id":"","_kad_post_content_style":"default","_kad_post_vertical_padding":"default","_kad_post_feature":"","_kad_post_feature_position":"","_kad_post_header":false,"_kad_post_footer":false,"_kad_post_classname":""},"product_brand":[],"product_cat":[24],"product_tag":[],"class_list":{"0":"post-104","1":"product","2":"type-product","3":"status-publish","4":"has-post-thumbnail","6":"product_cat-complementos","8":"first","9":"instock","10":"taxable","11":"shipping-taxable","12":"purchasable","13":"product-type-simple","14":"entry","15":"content-bg","16":"loop-entry"},"_links":{"self":[{"href":"https:\/\/tienda.raecy.com\/index.php\/wp-json\/wp\/v2\/product\/104","targetHints":{"allow":["GET"]}}],"collection":[{"href":"https:\/\/tienda.raecy.com\/index.php\/wp-json\/wp\/v2\/product"}],"about":[{"href":"https:\/\/tienda.raecy.com\/index.php\/wp-json\/wp\/v2\/types\/product"}],"replies":[{"embeddable":true,"href":"https:\/\/tienda.raecy.com\/index.php\/wp-json\/wp\/v2\/comments?post=104"}],"wp:featuredmedia":[{"embeddable":true,"href":"https:\/\/tienda.raecy.com\/index.php\/wp-json\/wp\/v2\/media\/149"}],"wp:attachment":[{"href":"https:\/\/tienda.raecy.com\/index.php\/wp-json\/wp\/v2\/media?parent=104"}],"wp:term":[{"taxonomy":"product_brand","embeddable":true,"href":"https:\/\/tienda.raecy.com\/index.php\/wp-json\/wp\/v2\/product_brand?post=104"},{"taxonomy":"product_cat","embeddable":true,"href":"https:\/\/tienda.raecy.com\/index.php\/wp-json\/wp\/v2\/product_cat?post=104"},{"taxonomy":"product_tag","embeddable":true,"href":"https:\/\/tienda.raecy.com\/index.php\/wp-json\/wp\/v2\/product_tag?post=104"}],"curies":[{"name":"wp","href":"https:\/\/api.w.org\/{rel}","templated":true}]}}